{"id":8503,"date":"2022-06-27T11:17:25","date_gmt":"2022-06-27T11:17:25","guid":{"rendered":"http:\/\/local.lisezvouslebelge.be\/?page_id=8503"},"modified":"2023-07-11T11:53:35","modified_gmt":"2023-07-11T11:53:35","slug":"publishing-houses-resources","status":"publish","type":"page","link":"https:\/\/lisezvouslebelge.be\/en\/publishers\/publishing-houses-resources\/","title":{"rendered":"Authors &#8211; ressources"},"content":{"rendered":"\n<div class=\"wp-block-cover alignfull is-light has-parallax\" style=\"background-image:url(http:\/\/lisezvouslebelge.be\/app\/uploads\/2021\/10\/3.Pages-Auteurs-Banniere-Cop.Daniel-Chekalov.jpg);min-height:25rem\"><span aria-hidden=\"true\" class=\"wp-block-cover__background has-background-dim-10 has-background-dim\"><\/span><div class=\"wp-block-cover__inner-container\">\n<div class=\"wp-container-1 wp-block-group container mx-auto\">\n<h1 class=\"animate typewriter has-white-color has-text-color has-h-1-font-size\"><span class=\"bg\">Authors<\/span><\/h1>\n<\/div>\n<\/div><\/div>\n\n\n<div class=\"block-tabs align\">\n    <div class=\"block-tabs__dropdown\">\n                                      <button><span>Ressources<\/span> <svg width=\"26\" height=\"26\" viewBox=\"0 0 26 26\" fill=\"none\" xmlns=\"http:\/\/www.w3.org\/2000\/svg\">\n          <path fill-rule=\"evenodd\" clip-rule=\"evenodd\" d=\"M13.0397 8.84615C13.1813 8.84615 13.317 8.90236 13.417 9.00243C13.5171 9.1025 13.5733 9.23822 13.5733 9.37973V15.5619L15.8635 13.2707C15.9131 13.221 15.972 13.1817 16.0368 13.1548C16.1016 13.128 16.1711 13.1142 16.2413 13.1142C16.3114 13.1142 16.3809 13.128 16.4457 13.1548C16.5105 13.1817 16.5694 13.221 16.619 13.2707C16.6687 13.3203 16.708 13.3792 16.7349 13.444C16.7617 13.5088 16.7755 13.5783 16.7755 13.6484C16.7755 13.7186 16.7617 13.7881 16.7349 13.8529C16.708 13.9177 16.6687 13.9766 16.619 14.0262L13.4175 17.2277C13.368 17.2774 13.3091 17.3168 13.2442 17.3437C13.1794 17.3706 13.1099 17.3845 13.0397 17.3845C12.9696 17.3845 12.9001 17.3706 12.8352 17.3437C12.7704 17.3168 12.7115 17.2774 12.662 17.2277L9.46044 14.0262C9.41083 13.9766 9.37147 13.9177 9.34462 13.8529C9.31777 13.7881 9.30396 13.7186 9.30396 13.6484C9.30396 13.5783 9.31777 13.5088 9.34462 13.444C9.37147 13.3792 9.41083 13.3203 9.46044 13.2707C9.56063 13.1705 9.69652 13.1142 9.83822 13.1142C9.90838 13.1142 9.97785 13.128 10.0427 13.1548C10.1075 13.1817 10.1664 13.221 10.216 13.2707L12.5062 15.5619V9.37973C12.5062 9.23822 12.5624 9.1025 12.6624 9.00243C12.7625 8.90236 12.8982 8.84615 13.0397 8.84615Z\" fill=\"black\"\/>\n          <circle cx=\"13.0833\" cy=\"13\" r=\"12\" transform=\"rotate(90 13.0833 13)\" stroke=\"black\" stroke-width=\"0.923077\"\/>\n          <\/svg>\n          <\/button>\n          \n      <ul>\n                              <li>\n              <a class=\"\" href=\"https:\/\/lisezvouslebelge.be\/en\/publishers\/\">Information<\/a>\n            <\/li>\n                  <\/ul>\n    <\/div>\n\n    <ul class=\"block-tabs__tabs\">\n                        <li>\n            <a class=\"\" href=\"https:\/\/lisezvouslebelge.be\/en\/publishers\/\">Information<\/a>\n          <\/li>\n                                <li class=\"active\">\n            <span>Ressources<\/span>\n          <\/li>\n                  <\/ul>\n\n<\/div>\n\n\n\n<div class=\"wp-container-2 wp-block-group section-margin\">\n<h2 class=\"animate typewriter delay-1000 has-h-2-font-size\">Promotional tools and materials<\/h2>\n\n\n\n<p class=\"animate fade-up delay-1000 has-big-font-size\">We produce various promotional tools and materials for French-speaking Belgian authors. They are grouped together in this section and classified according to their publishing genre.<\/p>\n<\/div>\n\n\n\n<section class=\"wp-container-10 wp-block-group alignfull section-padding has-white-color has-black-background-color has-text-color has-background\">\n<div class=\"md:flex justify-between -mx-5 wp-container-5 wp-block-columns are-vertically-aligned-center container mx-auto\">\n<div class=\"w-full px-5 md:w-5\/12  wp-container-3 wp-block-column is-vertically-aligned-center\" style=\"flex-basis:40%\">\n<figure class=\"wp-block-image size-full animate fade-up-image hidden md:block is-style-default\"><img loading=\"lazy\" width=\"560\" height=\"786\" src=\"https:\/\/lisezvouslebelge.be\/app\/uploads\/2023\/07\/Couv-anglais.png\" alt=\"\" class=\"wp-image-9530\" srcset=\"https:\/\/lisezvouslebelge.be\/app\/uploads\/2023\/07\/Couv-anglais.png 560w, https:\/\/lisezvouslebelge.be\/app\/uploads\/2023\/07\/Couv-anglais-214x300.png 214w\" sizes=\"(max-width: 560px) 100vw, 560px\" \/><\/figure>\n<\/div>\n\n\n\n<div class=\"w-full px-5 md:w-6\/12  wp-container-4 wp-block-column is-vertically-aligned-center animate fade-right\" style=\"flex-basis:50%\">\n<p class=\"text-number has-h-3-font-size\">01<\/p>\n\n\n\n<h3 class=\"has-h-3-font-size\"><strong>2023 selection of authors from French-speaking Belgium<\/strong><\/h3>\n\n\n\n<p>This 2023 selection &nbsp;dedicated to international promotion presents 45 books published in 2021: 10 novels, 10 comics, 10 children&#8217;s books, 10 non-fiction and 5 poetry titles. You can download it below.<\/p>\n\n\n\n<p>We also have several novel samples translated into English and Spanish. They can be sent to you by email on request, so do not hesitate to contact us!<\/p>\n\n\n\n<p class=\"has-label-small-font-size\">Resource available in English and Spanish<\/p>\n<\/div>\n<\/div>\n\n\n\n<div class=\"md:flex justify-between -mx-5 wp-container-8 wp-block-columns container mx-auto\">\n<div class=\"w-full px-5 md:w-5\/12  wp-container-6 wp-block-column md:px-11\" style=\"flex-basis:40%\">\n<ul><li><em>Mademoiselle Papillon<\/em>, Alia Cardyn, Editions Robert Laffont (general literature)<\/li><li><em>Cobre<\/em>, Michel Claise, Gen\u00e8se Edition (crime fiction)<\/li><li><em>Bluebird<\/em>, Genevi\u00e8ve Damas, Editions Gallimard (general literature)<\/li><li><em>Cent jours sans Lily<\/em>, Ali\u00e9nor Debrocq, Onlit Editions (general literature)<\/li><li><em>Argentine<\/em>, Serge Delaive, Editions de la Diff\u00e9rence (general literature)<\/li><li><em>Le second disciple<\/em>, Kenan G\u00f6rg\u00fcn, Editions Les Ar\u00e8nes (crime fiction)&nbsp;<\/li><\/ul>\n<\/div>\n\n\n\n<div class=\"w-full px-5 md:w-5\/12  wp-container-7 wp-block-column md:px-11\" style=\"flex-basis:40%\">\n<ul><li><em>Feel Good<\/em>, Thomas Gunzig, Editions Le Diable Vauvert&nbsp;(general literature)<\/li><li><em>Les yeux rouges<\/em>, Myriam Leroy, Editions du Seuil (general literature)<\/li><li><em>Un monde sur mesure<\/em>, Nathalie Skowronek, Editions Grasset (general literature)<\/li><li><em>La Carte des regrets<\/em>, Nathalie Skowronek, Editions Grasset (general literature)<\/li><li><em>Poney Flottant<\/em>, Isabelle W\u00e9ry, Onlit Editions&nbsp; (general literature)<\/li><li><em>Bataille (pas l\u2019auteur), <\/em>Aur\u00e9lie William Levaux, Editions Cambourakis (general literature)<\/li><\/ul>\n<\/div>\n<\/div>\n\n\n\n<div class=\"wp-container-9 wp-block-group container mx-auto px-3\"><div class=\"block-pdf aligncenter slick slick--pdf md:grid grid-cols-1 md:grid-cols-2 lg:grid-cols-4 gap-5\">\n      <div class=\"px-1 md:px-0\">\n      <div class=\"card--pdf h-full\">\n        <div class=\"card__body\">\n          <h3 class=\"has-h-4-font-size\">2023 selection-Do you read le belge?<\/h3>\n\n          <p><\/p>\n\n          <span><i class=\"fal fa-tag\"><\/i> <\/span>\n        <\/div>\n\n        <div class=\"card__footer\">\n                      <a href=\"https:\/\/lisezvouslebelge.be\/app\/uploads\/2023\/07\/Complete-LisezVousLeBelge-EN-2023-Large.pdf\">\n              <span>\n                <i class=\"far fa-book-alt\"><\/i>\n                T\u00e9l\u00e9charger\n              <\/span>\n            <\/a>\n                  <\/div>\n      <\/div>\n    <\/div>\n  <\/div>\n\n\n\n<p><\/p>\n<\/div>\n<\/section>\n\n\n\n<section class=\"wp-container-14 wp-block-group alignfull section-padding\">\n<div class=\"md:flex justify-between -mx-5 wp-container-13 wp-block-columns are-vertically-aligned-center container mx-auto\">\n<div class=\"w-full px-5 md:w-6\/12  wp-container-11 wp-block-column is-vertically-aligned-center animate fade-left\" style=\"flex-basis:50%\">\n<p class=\"text-number has-h-3-font-size\">02<\/p>\n\n\n\n<h3 class=\"has-h-3-font-size\"><strong><a rel=\"noreferrer noopener\" href=\"http:\/\/www.litteraturedejeunesse.cfwb.be\/index.php?id=repertoire#:~:text=Ce%20r%C3%A9pertoire%20pr%C3%A9sente%20les%20auteurs,au%20prix%20de%2012%20\" data-type=\"URL\" data-id=\"http:\/\/www.litteraturedejeunesse.cfwb.be\/index.php?id=repertoire#:~:text=Ce%20r%C3%A9pertoire%20pr%C3%A9sente%20les%20auteurs,au%20prix%20de%2012%20\" target=\"_blank\">Children&#8217;s literature : The repertoire of authors and illustrators<\/a><\/strong><\/h3>\n\n\n\n<p class=\"text-justify\">This database presents authors, illustrators and translators from Wallonia and Brussels who are active in the field of children&#8217;s literature.<\/p>\n\n\n\n<p class=\"has-label-small-font-size\"><meta charset=\"utf-8\">Website available in French and English<\/p>\n<\/div>\n\n\n\n<div class=\"w-full px-5 md:w-5\/12  wp-container-12 wp-block-column is-vertically-aligned-center\" style=\"flex-basis:40%\">\n<figure class=\"wp-block-image size-full animate fade-up-image is-style-default\"><a href=\"http:\/\/www.litteraturedejeunesse.cfwb.be\/index.php?id=repertoire#:~:text=Ce%20r%C3%A9pertoire%20pr%C3%A9sente%20les%20auteurs,au%20prix%20de%2012%20\" target=\"_blank\" rel=\"noopener\"><img loading=\"lazy\" width=\"1000\" height=\"1000\" src=\"https:\/\/lisezvouslebelge.be\/app\/uploads\/2021\/10\/auteur-2.jpg\" alt=\"Visuel du &quot;R\u00e9pertoire des auteurs et autrices et des illustrateurs et illustratrices&quot;. \" class=\"wp-image-953\" srcset=\"https:\/\/lisezvouslebelge.be\/app\/uploads\/2021\/10\/auteur-2.jpg 1000w, https:\/\/lisezvouslebelge.be\/app\/uploads\/2021\/10\/auteur-2-300x300.jpg 300w, https:\/\/lisezvouslebelge.be\/app\/uploads\/2021\/10\/auteur-2-150x150.jpg 150w, https:\/\/lisezvouslebelge.be\/app\/uploads\/2021\/10\/auteur-2-768x768.jpg 768w\" sizes=\"(max-width: 1000px) 100vw, 1000px\" \/><\/a><\/figure>\n<\/div>\n<\/div>\n<\/section>\n\n\n\n<section class=\"wp-container-18 wp-block-group alignfull section-padding has-white-color has-black-background-color has-text-color has-background\">\n<div class=\"md:flex justify-between -mx-5 wp-container-17 wp-block-columns are-vertically-aligned-top container mx-auto\">\n<div class=\"w-full px-5 md:w-5\/12  wp-container-15 wp-block-column is-vertically-aligned-top\" style=\"flex-basis:40%\">\n<figure class=\"wp-block-image size-full animate fade-up-image hidden md:block is-style-default\"><a href=\"https:\/\/objectifplumes.be\/complex\/la-fureur-de-lire\/\"><img loading=\"lazy\" width=\"455\" height=\"455\" src=\"https:\/\/lisezvouslebelge.be\/app\/uploads\/2021\/10\/3.auteur-dernier-visu.jpg\" alt=\"Des livres et des plaquettes de texte d\u00e9pos\u00e9es sur une table.\" class=\"wp-image-1286\" srcset=\"https:\/\/lisezvouslebelge.be\/app\/uploads\/2021\/10\/3.auteur-dernier-visu.jpg 455w, https:\/\/lisezvouslebelge.be\/app\/uploads\/2021\/10\/3.auteur-dernier-visu-300x300.jpg 300w, https:\/\/lisezvouslebelge.be\/app\/uploads\/2021\/10\/3.auteur-dernier-visu-150x150.jpg 150w\" sizes=\"(max-width: 455px) 100vw, 455px\" \/><\/a><\/figure>\n<\/div>\n\n\n\n<div class=\"w-full px-5 md:w-6\/12  wp-container-16 wp-block-column is-vertically-aligned-top animate fade-right link-color\" style=\"flex-basis:50%\">\n<p class=\"text-number has-h-3-font-size\">03<\/p>\n\n\n\n<h3 class=\"has-h-3-font-size\"><a rel=\"noreferrer noopener\" href=\"https:\/\/objectifplumes.be\/complex\/la-fureur-de-lire\/\" data-type=\"URL\" data-id=\"https:\/\/objectifplumes.be\/complex\/la-fureur-de-lire\/\" target=\"_blank\">General and children&#8217;s literature: La Fureur de lire : original contemporary Belgian texts for everyone<\/a><\/h3>\n\n\n\n<p>The annual &#8216;Fureur de lire&#8217; initiative offers a series of booklets containing unpublished texts by authors and illustrators from Wallonia and Brussels. The digital versions can be accessed by clicking on the author&#8217;s name. These booklets are targeted towards audiences of all ages and cover a variety of genres: comics, albums, poetry, general literature, etc. An additional click informs you about the age group for which the text is suited. Some of these leaflets are complemented by <a href=\"https:\/\/objectifplumes.be\/la fureur-de-lire\/\">educational resources<\/a>.<\/p>\n\n\n\n<p class=\"has-label-small-font-size\">Site available in French only<\/p>\n<\/div>\n<\/div>\n<\/section>\n\n\n\n<div class=\"wp-container-19 wp-block-group alignfull section-contact\">\n<h2 class=\"has-text-align-center has-h-2-font-size\">Questions? <a href=\"http:\/\/lisezvouslebelge.be\/en\/about\/about-contact\/\" data-type=\"page\" data-id=\"323\">Get in touch<\/a><\/h2>\n\n\n\n<p><\/p>\n<\/div>\n\n\n\n<p><\/p>\n","protected":false},"excerpt":{"rendered":"<p>Promotional tools and materials We produce various promotional tools and materials for French-speaking Belgian authors. They [&hellip;]<\/p>\n","protected":false},"author":1,"featured_media":0,"parent":8501,"menu_order":0,"comment_status":"closed","ping_status":"closed","template":"","meta":[],"acf":[],"yoast_head":"<!-- This site is optimized with the Yoast SEO plugin v19.1 - https:\/\/yoast.com\/wordpress\/plugins\/seo\/ -->\n<title>Authors - ressources - lisezvouslebelge<\/title>\n<meta name=\"robots\" content=\"index, follow, max-snippet:-1, max-image-preview:large, max-video-preview:-1\" \/>\n<link rel=\"canonical\" href=\"https:\/\/lisezvouslebelge.be\/en\/publishers\/publishing-houses-resources\/\" \/>\n<meta property=\"og:locale\" content=\"en_US\" \/>\n<meta property=\"og:type\" content=\"article\" \/>\n<meta property=\"og:title\" content=\"Authors - ressources - lisezvouslebelge\" \/>\n<meta property=\"og:description\" content=\"Promotional tools and materials We produce various promotional tools and materials for French-speaking Belgian authors. They [&hellip;]\" \/>\n<meta property=\"og:url\" content=\"https:\/\/lisezvouslebelge.be\/en\/publishers\/publishing-houses-resources\/\" \/>\n<meta property=\"og:site_name\" content=\"lisezvouslebelge\" \/>\n<meta property=\"article:publisher\" content=\"https:\/\/www.facebook.com\/lisezvouslebelge\" \/>\n<meta property=\"article:modified_time\" content=\"2023-07-11T11:53:35+00:00\" \/>\n<meta property=\"og:image\" content=\"https:\/\/lisezvouslebelge.be\/app\/uploads\/2023\/07\/Couv-anglais.png\" \/>\n<meta name=\"twitter:card\" content=\"summary_large_image\" \/>\n<meta name=\"twitter:label1\" content=\"Est. reading time\" \/>\n\t<meta name=\"twitter:data1\" content=\"3 minutes\" \/>\n<script type=\"application\/ld+json\" class=\"yoast-schema-graph\">{\"@context\":\"https:\/\/schema.org\",\"@graph\":[{\"@type\":\"Organization\",\"@id\":\"https:\/\/lisezvouslebelge.be\/#organization\",\"name\":\"Lisez-vous le belge ?\",\"url\":\"https:\/\/lisezvouslebelge.be\/\",\"sameAs\":[\"https:\/\/www.facebook.com\/lisezvouslebelge\"],\"logo\":{\"@type\":\"ImageObject\",\"inLanguage\":\"en-US\",\"@id\":\"https:\/\/lisezvouslebelge.be\/#\/schema\/logo\/image\/\",\"url\":\"https:\/\/lisezvouslebelge.be\/app\/uploads\/2022\/06\/Banner-LVLB.jpg\",\"contentUrl\":\"https:\/\/lisezvouslebelge.be\/app\/uploads\/2022\/06\/Banner-LVLB.jpg\",\"width\":1200,\"height\":630,\"caption\":\"Lisez-vous le belge ?\"},\"image\":{\"@id\":\"https:\/\/lisezvouslebelge.be\/#\/schema\/logo\/image\/\"}},{\"@type\":\"WebSite\",\"@id\":\"https:\/\/lisezvouslebelge.be\/#website\",\"url\":\"https:\/\/lisezvouslebelge.be\/\",\"name\":\"lisezvouslebelge\",\"description\":\"\",\"publisher\":{\"@id\":\"https:\/\/lisezvouslebelge.be\/#organization\"},\"potentialAction\":[{\"@type\":\"SearchAction\",\"target\":{\"@type\":\"EntryPoint\",\"urlTemplate\":\"https:\/\/lisezvouslebelge.be\/?s={search_term_string}\"},\"query-input\":\"required name=search_term_string\"}],\"inLanguage\":\"en-US\"},{\"@type\":\"ImageObject\",\"inLanguage\":\"en-US\",\"@id\":\"https:\/\/lisezvouslebelge.be\/en\/publishers\/publishing-houses-resources\/#primaryimage\",\"url\":\"https:\/\/lisezvouslebelge.be\/app\/uploads\/2023\/07\/Couv-anglais.png\",\"contentUrl\":\"https:\/\/lisezvouslebelge.be\/app\/uploads\/2023\/07\/Couv-anglais.png\",\"width\":560,\"height\":786},{\"@type\":\"WebPage\",\"@id\":\"https:\/\/lisezvouslebelge.be\/en\/publishers\/publishing-houses-resources\/#webpage\",\"url\":\"https:\/\/lisezvouslebelge.be\/en\/publishers\/publishing-houses-resources\/\",\"name\":\"Authors - ressources - lisezvouslebelge\",\"isPartOf\":{\"@id\":\"https:\/\/lisezvouslebelge.be\/#website\"},\"primaryImageOfPage\":{\"@id\":\"https:\/\/lisezvouslebelge.be\/en\/publishers\/publishing-houses-resources\/#primaryimage\"},\"datePublished\":\"2022-06-27T11:17:25+00:00\",\"dateModified\":\"2023-07-11T11:53:35+00:00\",\"breadcrumb\":{\"@id\":\"https:\/\/lisezvouslebelge.be\/en\/publishers\/publishing-houses-resources\/#breadcrumb\"},\"inLanguage\":\"en-US\",\"potentialAction\":[{\"@type\":\"ReadAction\",\"target\":[\"https:\/\/lisezvouslebelge.be\/en\/publishers\/publishing-houses-resources\/\"]}]},{\"@type\":\"BreadcrumbList\",\"@id\":\"https:\/\/lisezvouslebelge.be\/en\/publishers\/publishing-houses-resources\/#breadcrumb\",\"itemListElement\":[{\"@type\":\"ListItem\",\"position\":1,\"name\":\"Home\",\"item\":\"https:\/\/lisezvouslebelge.be\/en\/\"},{\"@type\":\"ListItem\",\"position\":2,\"name\":\"Authors\",\"item\":\"http:\/\/lisezvouslebelge.be\/en\/publishers\/\"},{\"@type\":\"ListItem\",\"position\":3,\"name\":\"Authors &#8211; ressources\"}]}]}<\/script>\n<!-- \/ Yoast SEO plugin. -->","yoast_head_json":{"title":"Authors - ressources - lisezvouslebelge","robots":{"index":"index","follow":"follow","max-snippet":"max-snippet:-1","max-image-preview":"max-image-preview:large","max-video-preview":"max-video-preview:-1"},"canonical":"https:\/\/lisezvouslebelge.be\/en\/publishers\/publishing-houses-resources\/","og_locale":"en_US","og_type":"article","og_title":"Authors - ressources - lisezvouslebelge","og_description":"Promotional tools and materials We produce various promotional tools and materials for French-speaking Belgian authors. They [&hellip;]","og_url":"https:\/\/lisezvouslebelge.be\/en\/publishers\/publishing-houses-resources\/","og_site_name":"lisezvouslebelge","article_publisher":"https:\/\/www.facebook.com\/lisezvouslebelge","article_modified_time":"2023-07-11T11:53:35+00:00","og_image":[{"url":"https:\/\/lisezvouslebelge.be\/app\/uploads\/2023\/07\/Couv-anglais.png"}],"twitter_card":"summary_large_image","twitter_misc":{"Est. reading time":"3 minutes"},"schema":{"@context":"https:\/\/schema.org","@graph":[{"@type":"Organization","@id":"https:\/\/lisezvouslebelge.be\/#organization","name":"Lisez-vous le belge ?","url":"https:\/\/lisezvouslebelge.be\/","sameAs":["https:\/\/www.facebook.com\/lisezvouslebelge"],"logo":{"@type":"ImageObject","inLanguage":"en-US","@id":"https:\/\/lisezvouslebelge.be\/#\/schema\/logo\/image\/","url":"https:\/\/lisezvouslebelge.be\/app\/uploads\/2022\/06\/Banner-LVLB.jpg","contentUrl":"https:\/\/lisezvouslebelge.be\/app\/uploads\/2022\/06\/Banner-LVLB.jpg","width":1200,"height":630,"caption":"Lisez-vous le belge ?"},"image":{"@id":"https:\/\/lisezvouslebelge.be\/#\/schema\/logo\/image\/"}},{"@type":"WebSite","@id":"https:\/\/lisezvouslebelge.be\/#website","url":"https:\/\/lisezvouslebelge.be\/","name":"lisezvouslebelge","description":"","publisher":{"@id":"https:\/\/lisezvouslebelge.be\/#organization"},"potentialAction":[{"@type":"SearchAction","target":{"@type":"EntryPoint","urlTemplate":"https:\/\/lisezvouslebelge.be\/?s={search_term_string}"},"query-input":"required name=search_term_string"}],"inLanguage":"en-US"},{"@type":"ImageObject","inLanguage":"en-US","@id":"https:\/\/lisezvouslebelge.be\/en\/publishers\/publishing-houses-resources\/#primaryimage","url":"https:\/\/lisezvouslebelge.be\/app\/uploads\/2023\/07\/Couv-anglais.png","contentUrl":"https:\/\/lisezvouslebelge.be\/app\/uploads\/2023\/07\/Couv-anglais.png","width":560,"height":786},{"@type":"WebPage","@id":"https:\/\/lisezvouslebelge.be\/en\/publishers\/publishing-houses-resources\/#webpage","url":"https:\/\/lisezvouslebelge.be\/en\/publishers\/publishing-houses-resources\/","name":"Authors - ressources - lisezvouslebelge","isPartOf":{"@id":"https:\/\/lisezvouslebelge.be\/#website"},"primaryImageOfPage":{"@id":"https:\/\/lisezvouslebelge.be\/en\/publishers\/publishing-houses-resources\/#primaryimage"},"datePublished":"2022-06-27T11:17:25+00:00","dateModified":"2023-07-11T11:53:35+00:00","breadcrumb":{"@id":"https:\/\/lisezvouslebelge.be\/en\/publishers\/publishing-houses-resources\/#breadcrumb"},"inLanguage":"en-US","potentialAction":[{"@type":"ReadAction","target":["https:\/\/lisezvouslebelge.be\/en\/publishers\/publishing-houses-resources\/"]}]},{"@type":"BreadcrumbList","@id":"https:\/\/lisezvouslebelge.be\/en\/publishers\/publishing-houses-resources\/#breadcrumb","itemListElement":[{"@type":"ListItem","position":1,"name":"Home","item":"https:\/\/lisezvouslebelge.be\/en\/"},{"@type":"ListItem","position":2,"name":"Authors","item":"http:\/\/lisezvouslebelge.be\/en\/publishers\/"},{"@type":"ListItem","position":3,"name":"Authors &#8211; ressources"}]}]}},"_links":{"self":[{"href":"https:\/\/lisezvouslebelge.be\/en\/wp-json\/wp\/v2\/pages\/8503"}],"collection":[{"href":"https:\/\/lisezvouslebelge.be\/en\/wp-json\/wp\/v2\/pages"}],"about":[{"href":"https:\/\/lisezvouslebelge.be\/en\/wp-json\/wp\/v2\/types\/page"}],"author":[{"embeddable":true,"href":"https:\/\/lisezvouslebelge.be\/en\/wp-json\/wp\/v2\/users\/1"}],"replies":[{"embeddable":true,"href":"https:\/\/lisezvouslebelge.be\/en\/wp-json\/wp\/v2\/comments?post=8503"}],"version-history":[{"count":22,"href":"https:\/\/lisezvouslebelge.be\/en\/wp-json\/wp\/v2\/pages\/8503\/revisions"}],"predecessor-version":[{"id":9550,"href":"https:\/\/lisezvouslebelge.be\/en\/wp-json\/wp\/v2\/pages\/8503\/revisions\/9550"}],"up":[{"embeddable":true,"href":"https:\/\/lisezvouslebelge.be\/en\/wp-json\/wp\/v2\/pages\/8501"}],"wp:attachment":[{"href":"https:\/\/lisezvouslebelge.be\/en\/wp-json\/wp\/v2\/media?parent=8503"}],"curies":[{"name":"wp","href":"https:\/\/api.w.org\/{rel}","templated":true}]}}